{"id":207,"date":"2022-06-04T16:26:03","date_gmt":"2022-06-04T16:26:03","guid":{"rendered":"https:\/\/www.inia.gob.pe\/consultapublicavirtual\/?page_id=207"},"modified":"2024-04-23T13:30:18","modified_gmt":"2024-04-23T13:30:18","slug":"ambito-de-intervencion","status":"publish","type":"page","link":"https:\/\/www.inia.gob.pe\/consultapublicavirtual\/ambito-de-intervencion\/","title":{"rendered":"\u00c1mbito de intervenci\u00f3n"},"content":{"rendered":"\n<p>El alcance del Proyecto ser\u00e1 sobre 6 Estaciones Experimentales Agrarias que ser\u00e1n intervenidas, sin embargo, no se conoce el nivel preciso de obras y equipamiento a desarrollar, pero se estima que ser\u00e1n obras de mejoramiento de infraestructura dentro de los predios del INIA y dentro o adyacentes a las estructuras actuales de las EEA.<\/p>\n\n\n <!-- start Fla-shop.com HTML5 Map --> <div class='freeHtmlMapright htmlMapResponsive' style='max-width:780px; width: 100%'> <div id='map-container-0' class='freeHtmlMapContainer' data-map-variable='map0'><\/div> <link href='https:\/\/www.inia.gob.pe\/consultapublicavirtual\/wp-content\/plugins\/html5-maps\/static\/css\/map.css' rel='stylesheet'> <style> body .fm-tooltip { color: #000000; font-size: 20px; } <\/style> <script src='\/\/cdn.html5maps.com\/3d_party\/raphael.min.js'><\/script> <script src='https:\/\/www.inia.gob.pe\/consultapublicavirtual\/index.php?freemap_js_data=true&map_id=0&r=90749'><\/script> <script src='\/\/cdn.html5maps.com\/libs\/locator\/2.4.0\/peru\/map.js'><\/script> <script> var map0 = new FlaMap(map_cfg); map0.drawOnDomReady('map-container-0'); map0.on('click', function(ev, sid, map) { jQuery('#freeHtmlMapStateInfo0').html(''); var link = map.mapConfig.map_data[sid]['link']; if (link == '#info') { var id = map.mapConfig.map_data[sid]['id']; jQuery('#freeHtmlMapStateInfo0').html('Cargando\u2026'); jQuery.ajax({ type: 'POST', url: 'https:\/\/www.inia.gob.pe\/consultapublicavirtual\/index.php?freemap_get_state_info='+id+'&map_id=0', success: function(data, textStatus, jqXHR){ jQuery('#freeHtmlMapStateInfo0').html(data); }, dataType: 'text' }); } }); <\/script> <div id='freeHtmlMapStateInfo0' class='freeHtmlMapStateInfo'><\/div> <\/div> <div style='clear: both'><\/div> <!-- end HTML5 Map --> \n","protected":false},"excerpt":{"rendered":"<p>El alcance del Proyecto ser\u00e1 sobre 6 Estaciones Experimentales Agrarias que ser\u00e1n intervenidas, sin embargo, no se conoce el nivel preciso de obras y equipamiento a desarrollar, pero se estima que ser\u00e1n obras de mejoramiento de infraestructura dentro de los predios del INIA y dentro o adyacentes a las estructuras [&hellip;]<\/p>\n","protected":false},"author":2,"featured_media":0,"parent":0,"menu_order":0,"comment_status":"closed","ping_status":"closed","template":"page-templates\/template-page-sidebar.php","meta":[],"_links":{"self":[{"href":"https:\/\/www.inia.gob.pe\/consultapublicavirtual\/wp-json\/wp\/v2\/pages\/207"}],"collection":[{"href":"https:\/\/www.inia.gob.pe\/consultapublicavirtual\/wp-json\/wp\/v2\/pages"}],"about":[{"href":"https:\/\/www.inia.gob.pe\/consultapublicavirtual\/wp-json\/wp\/v2\/types\/page"}],"author":[{"embeddable":true,"href":"https:\/\/www.inia.gob.pe\/consultapublicavirtual\/wp-json\/wp\/v2\/users\/2"}],"replies":[{"embeddable":true,"href":"https:\/\/www.inia.gob.pe\/consultapublicavirtual\/wp-json\/wp\/v2\/comments?post=207"}],"version-history":[{"count":15,"href":"https:\/\/www.inia.gob.pe\/consultapublicavirtual\/wp-json\/wp\/v2\/pages\/207\/revisions"}],"predecessor-version":[{"id":473,"href":"https:\/\/www.inia.gob.pe\/consultapublicavirtual\/wp-json\/wp\/v2\/pages\/207\/revisions\/473"}],"wp:attachment":[{"href":"https:\/\/www.inia.gob.pe\/consultapublicavirtual\/wp-json\/wp\/v2\/media?parent=207"}],"curies":[{"name":"wp","href":"https:\/\/api.w.org\/{rel}","templated":true}]}}