{"id":2,"date":"2022-06-01T13:50:35","date_gmt":"2022-06-01T13:50:35","guid":{"rendered":"https:\/\/www.inia.gob.pe\/consultapublicavirtual\/?page_id=2"},"modified":"2024-04-22T23:18:34","modified_gmt":"2024-04-22T23:18:34","slug":"pagina-ejemplo","status":"publish","type":"page","link":"https:\/\/www.inia.gob.pe\/consultapublicavirtual\/","title":{"rendered":"Componentes"},"content":{"rendered":"\n<div class=\"wp-block-columns is-layout-flex wp-container-3\">\n<div class=\"wp-block-column is-layout-flow\">\n<h3 class=\"wp-block-heading\">Video en Quechua<\/h3>\n\n\n\n<div class=\"youtube-video-container\">\n<iframe src=\"https:\/\/www.youtube.com\/embed\/zdaCxDtzB_o?si=6yoD0L1qdg86ISJh\" allowfullscreen=\"\" frameborder=\"0\"><\/iframe>\n<\/div>\n<\/div>\n\n\n\n<div class=\"wp-block-column is-layout-flow\">\n<h3 class=\"wp-block-heading\">Video en Aymara<\/h3>\n\n\n\n<div class=\"youtube-video-container\">\n<iframe src=\"https:\/\/www.youtube.com\/embed\/PTlLB6VgTvk?si=8-qK6BZRozu8Z8iP\" allowfullscreen=\"\" frameborder=\"0\"><\/iframe>\n<\/div>\n<\/div>\n<\/div>\n\n\n\n<hr class=\"wp-block-separator has-alpha-channel-opacity\"\/>\n\n\n\n<div class=\"wp-block-columns is-layout-flex wp-container-9\">\n<div class=\"wp-block-column is-layout-flow\" style=\"flex-basis:100%\">\n<div class=\"wp-block-columns is-layout-flex wp-container-7\">\n<div class=\"wp-block-column is-layout-flow\">\n<figure class=\"wp-block-image size-large\"><img decoding=\"async\" loading=\"lazy\" width=\"1024\" height=\"768\" src=\"https:\/\/www.inia.gob.pe\/consultapublicavirtual\/wp-content\/uploads\/2024\/04\/componente-1-1-2-1024x768.jpg\" alt=\"\" class=\"wp-image-394\" srcset=\"https:\/\/www.inia.gob.pe\/consultapublicavirtual\/wp-content\/uploads\/2024\/04\/componente-1-1-2-1024x768.jpg 1024w, https:\/\/www.inia.gob.pe\/consultapublicavirtual\/wp-content\/uploads\/2024\/04\/componente-1-1-2-300x225.jpg 300w, https:\/\/www.inia.gob.pe\/consultapublicavirtual\/wp-content\/uploads\/2024\/04\/componente-1-1-2-768x576.jpg 768w, https:\/\/www.inia.gob.pe\/consultapublicavirtual\/wp-content\/uploads\/2024\/04\/componente-1-1-2.jpg 1160w\" sizes=\"(max-width: 1024px) 100vw, 1024px\" \/><\/figure>\n<\/div>\n\n\n\n<div class=\"wp-block-column is-layout-flow\">\n<figure class=\"wp-block-image size-large\"><img decoding=\"async\" loading=\"lazy\" width=\"1024\" height=\"768\" src=\"https:\/\/www.inia.gob.pe\/consultapublicavirtual\/wp-content\/uploads\/2024\/04\/componente-2-2-4-1024x768.jpg\" alt=\"\" class=\"wp-image-401\" srcset=\"https:\/\/www.inia.gob.pe\/consultapublicavirtual\/wp-content\/uploads\/2024\/04\/componente-2-2-4-1024x768.jpg 1024w, https:\/\/www.inia.gob.pe\/consultapublicavirtual\/wp-content\/uploads\/2024\/04\/componente-2-2-4-300x225.jpg 300w, https:\/\/www.inia.gob.pe\/consultapublicavirtual\/wp-content\/uploads\/2024\/04\/componente-2-2-4-768x576.jpg 768w, https:\/\/www.inia.gob.pe\/consultapublicavirtual\/wp-content\/uploads\/2024\/04\/componente-2-2-4.jpg 1160w\" sizes=\"(max-width: 1024px) 100vw, 1024px\" \/><\/figure>\n<\/div>\n\n\n\n<div class=\"wp-block-column is-layout-flow\">\n<figure class=\"wp-block-image size-large\"><img decoding=\"async\" loading=\"lazy\" width=\"1024\" height=\"768\" src=\"https:\/\/www.inia.gob.pe\/consultapublicavirtual\/wp-content\/uploads\/2024\/04\/componente-3-3-1024x768.jpg\" alt=\"\" class=\"wp-image-374\" srcset=\"https:\/\/www.inia.gob.pe\/consultapublicavirtual\/wp-content\/uploads\/2024\/04\/componente-3-3-1024x768.jpg 1024w, https:\/\/www.inia.gob.pe\/consultapublicavirtual\/wp-content\/uploads\/2024\/04\/componente-3-3-300x225.jpg 300w, https:\/\/www.inia.gob.pe\/consultapublicavirtual\/wp-content\/uploads\/2024\/04\/componente-3-3-768x576.jpg 768w, https:\/\/www.inia.gob.pe\/consultapublicavirtual\/wp-content\/uploads\/2024\/04\/componente-3-3.jpg 1160w\" sizes=\"(max-width: 1024px) 100vw, 1024px\" \/><\/figure>\n<\/div>\n<\/div>\n<\/div>\n<\/div>\n\n\n\n<hr class=\"wp-block-separator has-alpha-channel-opacity\"\/>\n\n\n\n<p class=\"has-text-align-center\">La Evaluaci\u00f3n Ambiental y Social (EAS) y los Planes de Gesti\u00f3n Ambiental y Social (PGAS) buscan prevenir, minimizar y mitigar&nbsp;los posibles impactos ambientales y sociales del&nbsp;mejoramiento de infraestructuras y equipamiento de laboratorios de 6 Estaciones Experimentales Agrarias para el desarrollo de la investigaci\u00f3n cient\u00edfica, la formaci\u00f3n de especialistas y la prestaci\u00f3n de servicios de ciencia y tecnolog\u00eda para la agricultura familiar.<\/p>\n\n\n\n<hr class=\"wp-block-separator has-alpha-channel-opacity\"\/>\n\n\n\n<div class=\"wp-block-columns is-layout-flex wp-container-12\">\n<div class=\"wp-block-column is-layout-flow\">\n<figure class=\"wp-block-image size-large\"><img decoding=\"async\" loading=\"lazy\" width=\"725\" height=\"1024\" src=\"https:\/\/www.inia.gob.pe\/consultapublicavirtual\/wp-content\/uploads\/2022\/06\/@impactos@-725x1024.jpg\" alt=\"\" class=\"wp-image-313\" srcset=\"https:\/\/www.inia.gob.pe\/consultapublicavirtual\/wp-content\/uploads\/2022\/06\/@impactos@-725x1024.jpg 725w, https:\/\/www.inia.gob.pe\/consultapublicavirtual\/wp-content\/uploads\/2022\/06\/@impactos@-212x300.jpg 212w, https:\/\/www.inia.gob.pe\/consultapublicavirtual\/wp-content\/uploads\/2022\/06\/@impactos@-768x1085.jpg 768w, https:\/\/www.inia.gob.pe\/consultapublicavirtual\/wp-content\/uploads\/2022\/06\/@impactos@.jpg 850w\" sizes=\"(max-width: 725px) 100vw, 725px\" \/><\/figure>\n<\/div>\n\n\n\n<div class=\"wp-block-column is-layout-flow\">\n<figure class=\"wp-block-image size-large\"><img decoding=\"async\" loading=\"lazy\" width=\"725\" height=\"1024\" src=\"https:\/\/www.inia.gob.pe\/consultapublicavirtual\/wp-content\/uploads\/2022\/06\/@mitigacion@-725x1024.jpg\" alt=\"\" class=\"wp-image-314\" srcset=\"https:\/\/www.inia.gob.pe\/consultapublicavirtual\/wp-content\/uploads\/2022\/06\/@mitigacion@-725x1024.jpg 725w, https:\/\/www.inia.gob.pe\/consultapublicavirtual\/wp-content\/uploads\/2022\/06\/@mitigacion@-212x300.jpg 212w, https:\/\/www.inia.gob.pe\/consultapublicavirtual\/wp-content\/uploads\/2022\/06\/@mitigacion@-768x1085.jpg 768w, https:\/\/www.inia.gob.pe\/consultapublicavirtual\/wp-content\/uploads\/2022\/06\/@mitigacion@.jpg 850w\" sizes=\"(max-width: 725px) 100vw, 725px\" \/><\/figure>\n<\/div>\n<\/div>\n","protected":false},"excerpt":{"rendered":"<p>Video en Quechua Video en Aymara La Evaluaci\u00f3n Ambiental y Social (EAS) y los Planes de Gesti\u00f3n Ambiental y Social (PGAS) buscan prevenir, minimizar y mitigar&nbsp;los posibles impactos ambientales y sociales del&nbsp;mejoramiento de infraestructuras y equipamiento de laboratorios de 6 Estaciones Experimentales Agrarias para el desarrollo de la investigaci\u00f3n cient\u00edfica, [&hellip;]<\/p>\n","protected":false},"author":1,"featured_media":106,"parent":0,"menu_order":0,"comment_status":"closed","ping_status":"open","template":"","meta":[],"_links":{"self":[{"href":"https:\/\/www.inia.gob.pe\/consultapublicavirtual\/wp-json\/wp\/v2\/pages\/2"}],"collection":[{"href":"https:\/\/www.inia.gob.pe\/consultapublicavirtual\/wp-json\/wp\/v2\/pages"}],"about":[{"href":"https:\/\/www.inia.gob.pe\/consultapublicavirtual\/wp-json\/wp\/v2\/types\/page"}],"author":[{"embeddable":true,"href":"https:\/\/www.inia.gob.pe\/consultapublicavirtual\/wp-json\/wp\/v2\/users\/1"}],"replies":[{"embeddable":true,"href":"https:\/\/www.inia.gob.pe\/consultapublicavirtual\/wp-json\/wp\/v2\/comments?post=2"}],"version-history":[{"count":44,"href":"https:\/\/www.inia.gob.pe\/consultapublicavirtual\/wp-json\/wp\/v2\/pages\/2\/revisions"}],"predecessor-version":[{"id":465,"href":"https:\/\/www.inia.gob.pe\/consultapublicavirtual\/wp-json\/wp\/v2\/pages\/2\/revisions\/465"}],"wp:featuredmedia":[{"embeddable":true,"href":"https:\/\/www.inia.gob.pe\/consultapublicavirtual\/wp-json\/wp\/v2\/media\/106"}],"wp:attachment":[{"href":"https:\/\/www.inia.gob.pe\/consultapublicavirtual\/wp-json\/wp\/v2\/media?parent=2"}],"curies":[{"name":"wp","href":"https:\/\/api.w.org\/{rel}","templated":true}]}}