{"id":176,"date":"2022-06-02T22:05:50","date_gmt":"2022-06-02T22:05:50","guid":{"rendered":"https:\/\/www.inia.gob.pe\/consultapublicavirtual\/?page_id=176"},"modified":"2024-04-22T15:16:17","modified_gmt":"2024-04-22T15:16:17","slug":"plan-de-gestion","status":"publish","type":"page","link":"https:\/\/www.inia.gob.pe\/consultapublicavirtual\/plan-de-gestion\/","title":{"rendered":"Plan de Gesti\u00f3n Ambiental y Social"},"content":{"rendered":"\n<p class=\"has-text-align-center\"><strong>Mejoramiento de la red de servicios de Innovaci\u00f3n, Transferencia tecnol\u00f3gica y Extensi\u00f3n agraria en seis Estaciones Experimentales Agrarias del INIA<\/strong><\/p>\n\n\n\n<div style=\"height:50px\" aria-hidden=\"true\" class=\"wp-block-spacer\"><\/div>\n\n\n\n<p>El objetivo del Plan de Gesti\u00f3n Ambiental y Social (PGAS) es prevenir, mitigar, corregir o compensar los riesgos e impactos ambientales y sociales causados por el desarrollo del Proyecto, en todas sus etapas, a trav\u00e9s de lineamientos de gesti\u00f3n ambiental, social y de seguridad y salud alineados a los requerimientos del Marco de Pol\u00edticas Ambientales y Sociales y sus Normas de Desempe\u00f1o Ambiental y Social (NDAS) del Banco Interamericano de Desarrollo.<\/p>\n\n\n\n<div style=\"height:50px\" aria-hidden=\"true\" class=\"wp-block-spacer\"><\/div>\n\n\n\n<div class=\"wp-block-buttons is-content-justification-center is-layout-flex wp-container-1\">\n<div class=\"wp-block-button\"><a class=\"wp-block-button__link has-background wp-element-button\" href=\"https:\/\/www.inia.gob.pe\/consultapublicavirtual\/wp-content\/uploads\/2024\/04\/PGAS-04.04.24-v2.pdf\" style=\"background:linear-gradient(20deg,rgb(127,202,5) 0%,rgb(5,120,20) 100%)\" target=\"_blank\" rel=\"noreferrer noopener\">Descargar plan<\/a><\/div>\n<\/div>\n\n\n\n<p><\/p>\n","protected":false},"excerpt":{"rendered":"<p>Mejoramiento de la red de servicios de Innovaci\u00f3n, Transferencia tecnol\u00f3gica y Extensi\u00f3n agraria en seis Estaciones Experimentales Agrarias del INIA El objetivo del Plan de Gesti\u00f3n Ambiental y Social (PGAS) es prevenir, mitigar, corregir o compensar los riesgos e impactos ambientales y sociales causados por el desarrollo del Proyecto, en [&hellip;]<\/p>\n","protected":false},"author":2,"featured_media":0,"parent":0,"menu_order":0,"comment_status":"closed","ping_status":"closed","template":"","meta":[],"_links":{"self":[{"href":"https:\/\/www.inia.gob.pe\/consultapublicavirtual\/wp-json\/wp\/v2\/pages\/176"}],"collection":[{"href":"https:\/\/www.inia.gob.pe\/consultapublicavirtual\/wp-json\/wp\/v2\/pages"}],"about":[{"href":"https:\/\/www.inia.gob.pe\/consultapublicavirtual\/wp-json\/wp\/v2\/types\/page"}],"author":[{"embeddable":true,"href":"https:\/\/www.inia.gob.pe\/consultapublicavirtual\/wp-json\/wp\/v2\/users\/2"}],"replies":[{"embeddable":true,"href":"https:\/\/www.inia.gob.pe\/consultapublicavirtual\/wp-json\/wp\/v2\/comments?post=176"}],"version-history":[{"count":9,"href":"https:\/\/www.inia.gob.pe\/consultapublicavirtual\/wp-json\/wp\/v2\/pages\/176\/revisions"}],"predecessor-version":[{"id":433,"href":"https:\/\/www.inia.gob.pe\/consultapublicavirtual\/wp-json\/wp\/v2\/pages\/176\/revisions\/433"}],"wp:attachment":[{"href":"https:\/\/www.inia.gob.pe\/consultapublicavirtual\/wp-json\/wp\/v2\/media?parent=176"}],"curies":[{"name":"wp","href":"https:\/\/api.w.org\/{rel}","templated":true}]}}