{"id":151,"date":"2022-06-02T21:23:05","date_gmt":"2022-06-02T21:23:05","guid":{"rendered":"https:\/\/www.inia.gob.pe\/consultapublicavirtual\/?page_id=151"},"modified":"2024-04-22T15:13:11","modified_gmt":"2024-04-22T15:13:11","slug":"evaluacion-ambiental-y-social","status":"publish","type":"page","link":"https:\/\/www.inia.gob.pe\/consultapublicavirtual\/evaluacion-ambiental-y-social\/","title":{"rendered":"Evaluaci\u00f3n Ambiental y Social"},"content":{"rendered":"\n<p class=\"has-text-align-center\"><strong>\u201cMejoramiento de la red de servicios de Innovaci\u00f3n, Transferencia tecnol\u00f3gica y Extensi\u00f3n agraria en seis Estaciones Experimentales Agrarias del INIA\u201d<\/strong><\/p>\n\n\n\n<div style=\"height:50px\" aria-hidden=\"true\" class=\"wp-block-spacer\"><\/div>\n\n\n\n<p>El Objetivo de la Evaluaci\u00f3n Ambiental y Social es asegurar un adecuado desempe\u00f1o ambiental y social a trav\u00e9s de la inclusi\u00f3n de medidas m\u00e1s adecuadas basadas en los criterios de jerarquizaci\u00f3n de medidas de mitigaci\u00f3n.<br>Los objetivos espec\u00edficos de la Evaluaci\u00f3n Ambiental y Social son:<\/p>\n\n\n\n<ul>\n<li>Adoptar una jerarqu\u00eda de mitigaci\u00f3n y un enfoque prudente para prever y evitar, o en su defecto, minimizar los riesgos y, cuando existan impactos residuales, medidas de resarcimiento o compensaci\u00f3n por los riesgos e impactos para los trabajadores, las personas afectadas por el proyecto y el medio ambiente.<\/li>\n\n\n\n<li>Promover un mejor desempe\u00f1o ambiental y social mediante el empleo eficaz de sistemas de gesti\u00f3n.<\/li>\n\n\n\n<li>En caso de que se presenten quejas de personas afectadas por el programa y comunicaciones externas de otras partes interesadas, asegurar que \u00e9stas reciban respuesta y se manejen de manera adecuada.<\/li>\n\n\n\n<li>Promover una participaci\u00f3n adecuada de las personas afectadas por el programa y de otras partes interesadas durante todo el ciclo de vida del programa incluyendo para ello la divulgaci\u00f3n y la informaci\u00f3n ambiental y social pertinente.<\/li>\n<\/ul>\n\n\n\n<div style=\"height:50px\" aria-hidden=\"true\" class=\"wp-block-spacer\"><\/div>\n\n\n\n<div class=\"wp-block-buttons is-content-justification-center is-layout-flex wp-container-1\">\n<div class=\"wp-block-button\"><a class=\"wp-block-button__link has-background wp-element-button\" href=\"https:\/\/www.inia.gob.pe\/consultapublicavirtual\/wp-content\/uploads\/2024\/04\/EAS-02.04.24-v2.pdf\" style=\"background:linear-gradient(20deg,rgb(127,202,5) 0%,rgb(5,120,20) 100%)\" target=\"_blank\" rel=\"noreferrer noopener\">Descargar<\/a><\/div>\n<\/div>\n\n\n\n<p><\/p>\n","protected":false},"excerpt":{"rendered":"<p>\u201cMejoramiento de la red de servicios de Innovaci\u00f3n, Transferencia tecnol\u00f3gica y Extensi\u00f3n agraria en seis Estaciones Experimentales Agrarias del INIA\u201d El Objetivo de la Evaluaci\u00f3n Ambiental y Social es asegurar un adecuado desempe\u00f1o ambiental y social a trav\u00e9s de la inclusi\u00f3n de medidas m\u00e1s adecuadas basadas en los criterios de [&hellip;]<\/p>\n","protected":false},"author":2,"featured_media":0,"parent":0,"menu_order":0,"comment_status":"closed","ping_status":"closed","template":"page-templates\/template-page-sidebar.php","meta":[],"_links":{"self":[{"href":"https:\/\/www.inia.gob.pe\/consultapublicavirtual\/wp-json\/wp\/v2\/pages\/151"}],"collection":[{"href":"https:\/\/www.inia.gob.pe\/consultapublicavirtual\/wp-json\/wp\/v2\/pages"}],"about":[{"href":"https:\/\/www.inia.gob.pe\/consultapublicavirtual\/wp-json\/wp\/v2\/types\/page"}],"author":[{"embeddable":true,"href":"https:\/\/www.inia.gob.pe\/consultapublicavirtual\/wp-json\/wp\/v2\/users\/2"}],"replies":[{"embeddable":true,"href":"https:\/\/www.inia.gob.pe\/consultapublicavirtual\/wp-json\/wp\/v2\/comments?post=151"}],"version-history":[{"count":17,"href":"https:\/\/www.inia.gob.pe\/consultapublicavirtual\/wp-json\/wp\/v2\/pages\/151\/revisions"}],"predecessor-version":[{"id":430,"href":"https:\/\/www.inia.gob.pe\/consultapublicavirtual\/wp-json\/wp\/v2\/pages\/151\/revisions\/430"}],"wp:attachment":[{"href":"https:\/\/www.inia.gob.pe\/consultapublicavirtual\/wp-json\/wp\/v2\/media?parent=151"}],"curies":[{"name":"wp","href":"https:\/\/api.w.org\/{rel}","templated":true}]}}