{"id":130,"date":"2022-06-02T16:26:43","date_gmt":"2022-06-02T16:26:43","guid":{"rendered":"https:\/\/www.inia.gob.pe\/consultapublicavirtual\/?page_id=130"},"modified":"2024-04-22T15:45:22","modified_gmt":"2024-04-22T15:45:22","slug":"perfil-del-proyecto","status":"publish","type":"page","link":"https:\/\/www.inia.gob.pe\/consultapublicavirtual\/perfil-del-proyecto\/","title":{"rendered":"El Proyecto"},"content":{"rendered":"\n<p class=\"has-text-align-center\"><strong>\u00abMejoramiento de la red de servicios de Innovaci\u00f3n, Transferencia tecnol\u00f3gica y Extensi\u00f3n agraria en seis Estaciones Experimentales Agrarias del INIA\u00bb<\/strong><\/p>\n\n\n\n<div style=\"height:50px\" aria-hidden=\"true\" class=\"wp-block-spacer\"><\/div>\n\n\n\n<p>El Proyecto \u201cMejoramiento de la red de servicios de Innovaci\u00f3n, Transferencia tecnol\u00f3gica y Extensi\u00f3n Tecnol\u00f3gica agraria en las seis Estaciones Experimentales Agrarias del INIA\u201d CUI 2562301; PE \u2013 L1270, ha sido desarrollado y ser\u00e1 ejecutado el Instituto Nacional de Innovaci\u00f3n Agraria \u2013 INIA, con el apoyo financiero del Banco Interamericano de Desarrollo.<\/p>\n\n\n\n<p>El proyecto tiene como objetivo que los productores agrarios tengan suficiente acceso a los servicios de Innovaci\u00f3n y Transferencia Tecnol\u00f3gica en seis departamentos del Per\u00fa. (EEA El Porvenir; EEA Vista Florida; EEA Ba\u00f1os del Inca; EEA Santa Ana; EEA Illpa, EEA Andenes)<\/p>\n\n\n\n<p>En la p\u00e1gina web de la consulta p\u00fablica usted podr\u00e1 conocer m\u00e1s del proyecto, y lo m\u00e1s importante podr\u00e1s brindar tu opini\u00f3n sobre temas ambientales y sociales. Con este proyecto el gobierno del Per\u00fa fortalecer\u00e1 las Estaciones Experimentales Agrarias del INIA con infraestructura y equipos modernos para su Red de laboratorios de investigaci\u00f3n en suelos, agua y plantas, en cosecha y post cosecha, en investigaci\u00f3n, en sanidad animal y vegetal alimentaci\u00f3n animal, desarrollo forestal entre otros.<\/p>\n\n\n\n<p>Como parte del proceso de construcci\u00f3n puede generarse algunas condiciones de afectaci\u00f3n temporal, como la generaci\u00f3n de polvo y ruido por las obras, generaci\u00f3n de residuos de construcci\u00f3n y demolici\u00f3n, ocupaci\u00f3n temporal de la v\u00eda p\u00fablica por veh\u00edculos que transportan los materiales de construcci\u00f3n, posibles golpes y contusiones si es que no se lleva a cabo un adecuado control en la seguridad y salud ocupacional, posibles perturbaciones a mujeres y hombres durante la obra sino se implementa un adecuado c\u00f3digo de conducta de los trabajadores, posibles afectaciones a animales silvestres de encontrarse alguno en los terrenos de las estaciones experimentales.<\/p>\n\n\n\n<p>Para evitar estas posibles afectaciones el proyecto contempla ciertas medidas de mitigaci\u00f3n, &nbsp;como riego del terreno en construcci\u00f3n para minimizar la generaci\u00f3n de polvo, verificaci\u00f3n adecuada del mantenimiento de veh\u00edculos y equipos de construcci\u00f3n para generar un menor ruido posible, de ser necesario un especialista en fauna ir\u00e1 a verificar la existencia de animales silvestres, si &nbsp;se encuentra alguno ser\u00e1n adecuadamente manejados, se contar\u00e1 con un plan de salud y seguridad para el trabajo, se contar\u00e1 con un c\u00f3digo de conducta de estricto cumplimiento por parte de los trabajadores durante el proceso de construcci\u00f3n.<\/p>\n\n\n\n<p>Asimismo, se desarrollar\u00e1n planes de gesti\u00f3n preventivos que pueden ser revisados y consultados en nuestra p\u00e1gina web de consulta p\u00fablica virtual del \u201cMejoramiento de la red de servicios de Innovaci\u00f3n, Transferencia tecnol\u00f3gica y Extensi\u00f3n Tecnol\u00f3gica agraria en las seis Estaciones Experimentales Agrarias del INIA\u201d CUI 2562301; PE \u2013 L1270 El proceso de consulta p\u00fablica virtual, se realizar\u00e1 el martes 24 de abril del presente a\u00f1o, si deseas participar comun\u00edcate con la Estaci\u00f3n Experimental Agraria de tu localidad.<\/p>\n\n\n\n<p class=\"has-text-align-center\"><\/p>\n\n\n\n<div style=\"height:50px\" aria-hidden=\"true\" class=\"wp-block-spacer\"><\/div>\n\n\n\n<div class=\"wp-block-columns is-layout-flex wp-container-5\">\n<div class=\"wp-block-column is-layout-flow\">\n<div class=\"wp-block-buttons is-content-justification-right is-layout-flex wp-container-1\">\n<div class=\"wp-block-button\"><a class=\"wp-block-button__link has-background wp-element-button\" href=\"https:\/\/www.inia.gob.pe\/consultapublicavirtual\/wp-content\/uploads\/2024\/04\/PPT-CONSULTA-SIGNIFICATIVA.pdf\" style=\"background:linear-gradient(20deg,rgb(127,202,5) 0%,rgb(5,120,20) 100%)\" target=\"_blank\" rel=\"noreferrer noopener\">Descargar PPT 01<\/a><\/div>\n<\/div>\n<\/div>\n\n\n\n<div class=\"wp-block-column is-layout-flow\">\n<div class=\"wp-block-buttons is-content-justification-left is-layout-flex wp-container-3\">\n<div class=\"wp-block-button\"><a class=\"wp-block-button__link has-background wp-element-button\" href=\"https:\/\/www.inia.gob.pe\/consultapublicavirtual\/wp-content\/uploads\/2024\/04\/PPT-CONSULTA-PUBLICA.pdf\" style=\"background:linear-gradient(20deg,rgb(127,202,5) 0%,rgb(5,120,20) 100%)\" target=\"_blank\" rel=\"noreferrer noopener\">Descargar PPT 02<\/a><\/div>\n<\/div>\n<\/div>\n<\/div>\n\n\n\n<p>   <\/p>\n\n\n\n<p><\/p>\n","protected":false},"excerpt":{"rendered":"<p>\u00abMejoramiento de la red de servicios de Innovaci\u00f3n, Transferencia tecnol\u00f3gica y Extensi\u00f3n agraria en seis Estaciones Experimentales Agrarias del INIA\u00bb El Proyecto \u201cMejoramiento de la red de servicios de Innovaci\u00f3n, Transferencia tecnol\u00f3gica y Extensi\u00f3n Tecnol\u00f3gica agraria en las seis Estaciones Experimentales Agrarias del INIA\u201d CUI 2562301; PE \u2013 L1270, ha [&hellip;]<\/p>\n","protected":false},"author":2,"featured_media":0,"parent":0,"menu_order":0,"comment_status":"closed","ping_status":"closed","template":"","meta":[],"_links":{"self":[{"href":"https:\/\/www.inia.gob.pe\/consultapublicavirtual\/wp-json\/wp\/v2\/pages\/130"}],"collection":[{"href":"https:\/\/www.inia.gob.pe\/consultapublicavirtual\/wp-json\/wp\/v2\/pages"}],"about":[{"href":"https:\/\/www.inia.gob.pe\/consultapublicavirtual\/wp-json\/wp\/v2\/types\/page"}],"author":[{"embeddable":true,"href":"https:\/\/www.inia.gob.pe\/consultapublicavirtual\/wp-json\/wp\/v2\/users\/2"}],"replies":[{"embeddable":true,"href":"https:\/\/www.inia.gob.pe\/consultapublicavirtual\/wp-json\/wp\/v2\/comments?post=130"}],"version-history":[{"count":23,"href":"https:\/\/www.inia.gob.pe\/consultapublicavirtual\/wp-json\/wp\/v2\/pages\/130\/revisions"}],"predecessor-version":[{"id":444,"href":"https:\/\/www.inia.gob.pe\/consultapublicavirtual\/wp-json\/wp\/v2\/pages\/130\/revisions\/444"}],"wp:attachment":[{"href":"https:\/\/www.inia.gob.pe\/consultapublicavirtual\/wp-json\/wp\/v2\/media?parent=130"}],"curies":[{"name":"wp","href":"https:\/\/api.w.org\/{rel}","templated":true}]}}